{"id":7451,"date":"2022-03-21T11:54:44","date_gmt":"2022-03-21T10:54:44","guid":{"rendered":"https:\/\/teststudiofianew.kinsta.cloud\/product\/volt-black-backpack\/"},"modified":"2026-01-01T03:35:40","modified_gmt":"2026-01-01T02:35:40","slug":"backpack-black-svart","status":"publish","type":"product","link":"https:\/\/northpadel.com\/sv\/produkt\/backpack-black-svart\/","title":{"rendered":"Volt Svart Backpack"},"content":{"rendered":"","protected":false},"excerpt":{"rendered":"<p class=\"\"><strong>STIL, KOMFORT KOMBINERT MED SOLID KVALITET.<\/strong><\/p>\n<p class=\"\">Topp kvalitets ryggs\u00e4ck med stor plats, komfort och modell<\/p>\n<ul>\n<li>Individuellt racket fack<\/li>\n<li>Centralt fack med mycket god f\u00f6rvaring<\/li>\n<li>Individuellt sko fack.<\/li>\n<li>Flera fack f\u00f6r personliga f\u00f6rem\u00e5l.<\/li>\n<li>Dold ficka f\u00f6r pl\u00e5nbok \/ mobiltelefon p\u00e5 baksidan<\/li>\n<li>Fack f\u00f6r kort i en av remmarna.<\/li>\n<li>Krok f\u00f6r att h\u00e4nga bagen p\u00e5 utsidan av padel v\u00e4ggen, 30 L<\/li>\n<\/ul>\n","protected":false},"featured_media":5890,"template":"","meta":{"site-sidebar-layout":"default","site-content-layout":"default","ast-site-content-layout":"default","site-content-style":"default","site-sidebar-style":"default","ast-global-header-display":"","ast-banner-title-visibility":"","ast-main-header-display":"","ast-hfb-above-header-display":"","ast-hfb-below-header-display":"","ast-hfb-mobile-header-display":"","site-post-title":"","ast-breadcrumbs-content":"","ast-featured-img":"","footer-sml-layout":"","ast-disable-related-posts":"","theme-transparent-header-meta":"default","adv-header-id-meta":"","stick-header-meta":"","header-above-stick-meta":"","header-main-stick-meta":"","header-below-stick-meta":"","astra-migrate-meta-layouts":"default","ast-page-background-enabled":"default","ast-page-background-meta":{"desktop":{"background-color":"","background-image":"","background-repeat":"repeat","background-position":"center center","background-size":"auto","background-attachment":"scroll","background-type":"","background-media":"","overlay-type":"","overlay-color":"","overlay-opacity":"","overlay-gradient":""},"tablet":{"background-color":"","background-image":"","background-repeat":"repeat","background-position":"center center","background-size":"auto","background-attachment":"scroll","background-type":"","background-media":"","overlay-type":"","overlay-color":"","overlay-opacity":"","overlay-gradient":""},"mobile":{"background-color":"","background-image":"","background-repeat":"repeat","background-position":"center center","background-size":"auto","background-attachment":"scroll","background-type":"","background-media":"","overlay-type":"","overlay-color":"","overlay-opacity":"","overlay-gradient":""}},"ast-content-background-meta":{"desktop":{"background-color":"var(--ast-global-color-5)","background-image":"","background-repeat":"repeat","background-position":"center center","background-size":"auto","background-attachment":"scroll","background-type":"","background-media":"","overlay-type":"","overlay-color":"","overlay-opacity":"","overlay-gradient":""},"tablet":{"background-color":"var(--ast-global-color-5)","background-image":"","background-repeat":"repeat","background-position":"center center","background-size":"auto","background-attachment":"scroll","background-type":"","background-media":"","overlay-type":"","overlay-color":"","overlay-opacity":"","overlay-gradient":""},"mobile":{"background-color":"var(--ast-global-color-5)","background-image":"","background-repeat":"repeat","background-position":"center center","background-size":"auto","background-attachment":"scroll","background-type":"","background-media":"","overlay-type":"","overlay-color":"","overlay-opacity":"","overlay-gradient":""}}},"product_brand":[],"product_cat":[103,133],"product_tag":[],"class_list":{"0":"post-7451","1":"product","2":"type-product","3":"status-publish","4":"has-post-thumbnail","6":"product_cat-bager-sv","7":"product_cat-volt-sv","8":"desktop-align-left","9":"tablet-align-left","10":"mobile-align-left","11":"ast-product-gallery-layout-horizontal-slider","12":"ast-magnify-disabled","13":"ast-product-tabs-layout-horizontal","14":"ast-qv-on-image","16":"first","17":"instock","18":"taxable","19":"shipping-taxable","20":"purchasable","21":"product-type-simple"},"_links":{"self":[{"href":"https:\/\/northpadel.com\/sv\/wp-json\/wp\/v2\/product\/7451","targetHints":{"allow":["GET"]}}],"collection":[{"href":"https:\/\/northpadel.com\/sv\/wp-json\/wp\/v2\/product"}],"about":[{"href":"https:\/\/northpadel.com\/sv\/wp-json\/wp\/v2\/types\/product"}],"wp:featuredmedia":[{"embeddable":true,"href":"https:\/\/northpadel.com\/sv\/wp-json\/wp\/v2\/media\/5890"}],"wp:attachment":[{"href":"https:\/\/northpadel.com\/sv\/wp-json\/wp\/v2\/media?parent=7451"}],"wp:term":[{"taxonomy":"product_brand","embeddable":true,"href":"https:\/\/northpadel.com\/sv\/wp-json\/wp\/v2\/product_brand?post=7451"},{"taxonomy":"product_cat","embeddable":true,"href":"https:\/\/northpadel.com\/sv\/wp-json\/wp\/v2\/product_cat?post=7451"},{"taxonomy":"product_tag","embeddable":true,"href":"https:\/\/northpadel.com\/sv\/wp-json\/wp\/v2\/product_tag?post=7451"}],"curies":[{"name":"wp","href":"https:\/\/api.w.org\/{rel}","templated":true}]}}