{"id":7723,"date":"2023-03-23T19:06:21","date_gmt":"2023-03-23T19:06:21","guid":{"rendered":"https:\/\/teststudiofianew.kinsta.cloud\/personvernerklaering\/"},"modified":"2023-04-27T13:19:30","modified_gmt":"2023-04-27T13:19:30","slug":"personvernerklaering","status":"publish","type":"page","link":"https:\/\/northpadel.com\/no\/personvernerklaering\/","title":{"rendered":"PERSONVERNERKL\u00c6RING"},"content":{"rendered":"\t\t<div data-elementor-type=\"wp-page\" data-elementor-id=\"7723\" class=\"elementor elementor-7723 elementor-3\" data-elementor-post-type=\"page\">\n\t\t\t\t\t\t<section class=\"elementor-section elementor-top-section elementor-element elementor-element-35dd4f0e elementor-section-height-min-height elementor-section-content-middle elementor-section-stretched elementor-section-boxed elementor-section-height-default elementor-section-items-middle\" data-id=\"35dd4f0e\" data-element_type=\"section\" data-e-type=\"section\" data-settings=\"{&quot;background_background&quot;:&quot;classic&quot;,&quot;stretch_section&quot;:&quot;section-stretched&quot;}\">\n\t\t\t\t\t\t\t<div class=\"elementor-background-overlay\"><\/div>\n\t\t\t\t\t\t\t<div class=\"elementor-container elementor-column-gap-no\">\n\t\t\t\t\t<div class=\"elementor-column elementor-col-100 elementor-top-column elementor-element elementor-element-70b4e886\" data-id=\"70b4e886\" data-element_type=\"column\" data-e-type=\"column\">\n\t\t\t<div class=\"elementor-widget-wrap elementor-element-populated\">\n\t\t\t\t\t\t<div class=\"elementor-element elementor-element-4d4cf3de elementor-widget elementor-widget-heading\" data-id=\"4d4cf3de\" data-element_type=\"widget\" data-e-type=\"widget\" data-widget_type=\"heading.default\">\n\t\t\t\t<div class=\"elementor-widget-container\">\n\t\t\t\t\t<h1 class=\"elementor-heading-title elementor-size-default\">PERSONVERNERKL\u00c6RING<\/h1>\t\t\t\t<\/div>\n\t\t\t\t<\/div>\n\t\t\t\t\t<\/div>\n\t\t<\/div>\n\t\t\t\t\t<\/div>\n\t\t<\/section>\n\t\t\t\t<section class=\"elementor-section elementor-top-section elementor-element elementor-element-31b90731 elementor-reverse-mobile elementor-section-boxed elementor-section-height-default elementor-section-height-default\" data-id=\"31b90731\" data-element_type=\"section\" data-e-type=\"section\" data-settings=\"{&quot;background_background&quot;:&quot;classic&quot;}\">\n\t\t\t\t\t\t<div class=\"elementor-container elementor-column-gap-default\">\n\t\t\t\t\t<div class=\"elementor-column elementor-col-100 elementor-top-column elementor-element elementor-element-42731247\" data-id=\"42731247\" data-element_type=\"column\" data-e-type=\"column\">\n\t\t\t<div class=\"elementor-widget-wrap elementor-element-populated\">\n\t\t\t\t\t\t<div class=\"elementor-element elementor-element-72d299df elementor-widget elementor-widget-heading\" data-id=\"72d299df\" data-element_type=\"widget\" data-e-type=\"widget\" data-widget_type=\"heading.default\">\n\t\t\t\t<div class=\"elementor-widget-container\">\n\t\t\t\t\t<h2 class=\"elementor-heading-title elementor-size-default\">PERSONVERNERKL\u00c6RING<\/h2>\t\t\t\t<\/div>\n\t\t\t\t<\/div>\n\t\t\t\t<div class=\"elementor-element elementor-element-5dc25d9b elementor-widget elementor-widget-text-editor\" data-id=\"5dc25d9b\" data-element_type=\"widget\" data-e-type=\"widget\" data-widget_type=\"text-editor.default\">\n\t\t\t\t<div class=\"elementor-widget-container\">\n\t\t\t\t\t\t\t\t\t<p><strong>1.N\u00e5r du handler hos oss lagrer vi:<br \/><\/strong>Navn, adresse, mobilnummer og epostadresse. Dette er data vi trenger for \u00e5 levere varene til deg,<\/p>\n<p>samt kontakte deg om forhold i forbindelse med bestillingen. Informasjon om varer du har kj\u00f8pt blir ogs\u00e5 lagret i forbindelse med regnskapsf\u00f8ring og eventuell garanti- og returh\u00e5ndtering. Kortnummer oppbevares ikke av Northpadel AS utover det som er n\u00f8dvendig for \u00e5 sikre effektiv h\u00e5ndtering av eventuelle problemer med belastning, oppheving av reservasjon og kreditering.<\/p>\n\t\t\t\t\t\t\t\t<\/div>\n\t\t\t\t<\/div>\n\t\t\t\t<div class=\"elementor-element elementor-element-69e7801b elementor-widget elementor-widget-text-editor\" data-id=\"69e7801b\" data-element_type=\"widget\" data-e-type=\"widget\" data-widget_type=\"text-editor.default\">\n\t\t\t\t<div class=\"elementor-widget-container\">\n\t\t\t\t\t\t\t\t\t<p><strong>2. Informasjonskapsler\/Cookies<br \/><\/strong>Northpadel.com benytter informasjonskapsler, ogs\u00e5 kalt cookies. En cookie er en liten tekstfil som blir lagret p\u00e5 din harddisk av nettstedet du bes\u00f8ker. Vi bruker cookies for \u00e5 analysere trafikken p\u00e5 v\u00e5r nettside. Informasjonen som samles inn benyttes kun internt og vil ikke videref\u00f8res til noen 3. part. Vi lagrer aldri informasjon som kan identifisere deg personlig. Cookies brukes til \u00e5 lagre data om bes\u00f8ket ditt p\u00e5 en nettside. Denne dataen er nyttig for oss som eier nettstedet, og for deg som bruker, da opplevelsen av siden kan bli bedre. Et eksempel er at du legger noe i handlekurven, forlater siden, og neste gang du kommer ligger produktene fortsatt i kurven.<\/p>\n\t\t\t\t\t\t\t\t<\/div>\n\t\t\t\t<\/div>\n\t\t\t\t<div class=\"elementor-element elementor-element-17c7c76b elementor-widget elementor-widget-text-editor\" data-id=\"17c7c76b\" data-element_type=\"widget\" data-e-type=\"widget\" data-widget_type=\"text-editor.default\">\n\t\t\t\t<div class=\"elementor-widget-container\">\n\t\t\t\t\t\t\t\t\t<p><strong>3. <\/strong><strong>Google Analytics<br \/><\/strong>Northpadel.com bruker statistikkverkt\u00f8yet Google Analytics. Vi kan p\u00e5 den m\u00e5ten innhente generell informasjon om trafikk p\u00e5 sidene v\u00e5re og analysere deretter. Vi analyserer ikke enkeltkunder eller enkeltordre.<\/p>\n\t\t\t\t\t\t\t\t<\/div>\n\t\t\t\t<\/div>\n\t\t\t\t<div class=\"elementor-element elementor-element-1f790c5f elementor-widget elementor-widget-text-editor\" data-id=\"1f790c5f\" data-element_type=\"widget\" data-e-type=\"widget\" data-widget_type=\"text-editor.default\">\n\t\t\t\t<div class=\"elementor-widget-container\">\n\t\t\t\t\t\t\t\t\t<p><strong>4. Betalingsinformasjon<\/strong><strong><br \/><\/strong>\u2022 Kreditt- og betalingskort (kortnummer, utl\u00f8psdato og CVV-kode)<br \/><strong>Form\u00e5l:<\/strong> Samles inn slik at betalingsleverand\u00f8ren kan bekrefte og verifisere identiteten din n\u00e5r du betaler for bestillingen. Juridisk grunnlag: Betalingsinformasjonen din h\u00e5ndteres og lagres ikke av Northpadel, siden kun betalingsleverand\u00f8ren har tilgang til din betalingsinformasjon. Betalingsleverand\u00f8ren er dermed ansvarlig for personopplysninger for denne typen data, og det er derfor ikke n\u00f8dvendig for oss \u00e5 h\u00e5ndtere opplysningene.<br \/><strong>Lagringsperiode:<\/strong> Lagres ikke av Northpadel.<\/p>\n\t\t\t\t\t\t\t\t<\/div>\n\t\t\t\t<\/div>\n\t\t\t\t<div class=\"elementor-element elementor-element-197fee57 elementor-widget elementor-widget-text-editor\" data-id=\"197fee57\" data-element_type=\"widget\" data-e-type=\"widget\" data-widget_type=\"text-editor.default\">\n\t\t\t\t<div class=\"elementor-widget-container\">\n\t\t\t\t\t\t\t\t\t<p><strong>5.<\/strong><strong>Informasjon om varer du har kj\u00f8pt.<br \/><\/strong>\u2022 Detaljer om produktene du har kj\u00f8pt<br \/><strong>Form\u00e5l<\/strong>: Samles inn for \u00e5 h\u00e5ndtere en eventuell retur og reklamasjon, og hjelpe deg med sp\u00f8rsm\u00e5l vedr\u00f8rende kundeservice.<br \/><strong>Juridisk grunnlag<\/strong>: N\u00f8dvendig for \u00e5 kunne overholde gjeldende lovgivning knyttet til form\u00e5let.<br \/><strong>Lagringsperiode<\/strong>: Inntil kj\u00f8pet er gjennomf\u00f8rt (inkludert levering og betaling) og i en rimelig periode deretter eller for data behandlet i samsvar med bokf\u00f8ringsloven.<\/p>\n\t\t\t\t\t\t\t\t<\/div>\n\t\t\t\t<\/div>\n\t\t\t\t<div class=\"elementor-element elementor-element-618c24f3 elementor-widget elementor-widget-text-editor\" data-id=\"618c24f3\" data-element_type=\"widget\" data-e-type=\"widget\" data-widget_type=\"text-editor.default\">\n\t\t\t\t<div class=\"elementor-widget-container\">\n\t\t\t\t\t\t\t\t\t<p><strong>6<\/strong>.<strong> Informasjon om hvordan du samhandler med Northpadel<\/strong><\/p>\n<ol>\n<li>Hvordan bruke tjenestene v\u00e5re<\/li>\n<li>\u2022Svartid for sider, nedlastingsfeil osv.<\/li>\n<li>Hvordan du kom frem til og forlot tjenesten<\/li>\n<\/ol>\n<p>Leveringsvarsler n\u00e5r vi kontakter deg<br \/><strong>Form\u00e5l:<\/strong> Samles inn for \u00e5 forbedre tjenestene v\u00e5re, utvikle produkter og funksjoner, og for generell forretningsutvikling.<br \/><strong>Juridisk grunnlag:<\/strong> N\u00f8dvendig for \u00e5 tilfredsstille Northpadel legitime interesse for \u00e5 kunne evaluere tjenestene v\u00e5re samt forbedre og utvikle v\u00e5r virksomhet.<br \/>Lagringsperiode: Fra innsamlingen og i en rimelig tid deretter.<\/p>\n\t\t\t\t\t\t\t\t<\/div>\n\t\t\t\t<\/div>\n\t\t\t\t<div class=\"elementor-element elementor-element-569d0edd elementor-widget__width-initial elementor-widget elementor-widget-text-editor\" data-id=\"569d0edd\" data-element_type=\"widget\" data-e-type=\"widget\" data-widget_type=\"text-editor.default\">\n\t\t\t\t<div class=\"elementor-widget-container\">\n\t\t\t\t\t\t\t\t\t<p><strong>7<\/strong>. <strong>Enhetsinformasjon<br \/><\/strong>IP adresse<\/p>\n<ol>\n<li style=\"list-style-type: none;\">\n<ol>\n<li>Spr\u00e5kinnstillinger, nettleserinnstillinger, geografisk beliggenhet og tidssone<\/li>\n<li>Operativsystem, plattform, skjermoppl\u00f8sning etc<\/li>\n<\/ol>\n<\/li>\n<\/ol>\n<p><strong>Form\u00e5l:<\/strong> Samles inn for \u00e5 utf\u00f8re risikoanalyse og forhindre svindel.<br \/><strong>Juridisk grunnlag:<\/strong> N\u00f8dvendig for \u00e5 im\u00f8tekomme Northpadel legitime interesse for \u00e5 kunne bedrive feils\u00f8king og utvikle sin virksomhet.<br \/>Lagringsperiode: Fra innsamlingen og i en rimelig tid deretter.<\/p>\n\t\t\t\t\t\t\t\t<\/div>\n\t\t\t\t<\/div>\n\t\t\t\t<div class=\"elementor-element elementor-element-658cd45d elementor-widget elementor-widget-text-editor\" data-id=\"658cd45d\" data-element_type=\"widget\" data-e-type=\"widget\" data-widget_type=\"text-editor.default\">\n\t\t\t\t<div class=\"elementor-widget-container\">\n\t\t\t\t\t\t\t\t\t<p><strong>8.<\/strong><strong>Hvordan beskytter vi personopplysningene dine?<br \/><\/strong>Northpadel bruker kryptert kommunikasjon, via Secure Socket Layer (SSL), for \u00e5 sikre at dine personopplysninger er beskyttet under kj\u00f8pet. Kredittkortinformasjonen h\u00e5ndteres kun av betalingsleverand\u00f8ren over en sikker og kryptert forbindelse. Vi beskytter ogs\u00e5 nettstedene v\u00e5re og andre systemer gjennom tekniske og organisatoriske tiltak mot tap, \u00f8deleggelse, tilgang, endring eller formidling av opplysningene dine fra uautoriserte personer. Vi bestreber alltid p\u00e5 \u00e5 behandle opplysningene dine innenfor EU\/E\u00d8S. Det kan imidlertid v\u00e6re situasjoner der data kanskje m\u00e5 overf\u00f8res til og behandles i land utenfor EU\/E\u00d8S. For eksempel hvis vi deler dine personopplysninger med en databehandler, som enten selv eller gjennom en underleverand\u00f8r er etablert eller lagrer opplysningene i et land utenfor EU\/E\u00d8S. I disse tilfellene kan databehandleren kun benytte seg av opplysningene som er relevante for form\u00e5let (for eksempel loggfiler). Northpadel vil deretter ta alle rimelige juridiske, tekniske og organisatoriske tiltak for \u00e5 sikre at opplysningene dine h\u00e5ndteres sikkert og p\u00e5 minst samme niv\u00e5 som den beskyttelsen som tilbys innenfor EU\/E\u00d8S.<\/p>\n\t\t\t\t\t\t\t\t<\/div>\n\t\t\t\t<\/div>\n\t\t\t\t<div class=\"elementor-element elementor-element-5cc64cc1 elementor-widget elementor-widget-text-editor\" data-id=\"5cc64cc1\" data-element_type=\"widget\" data-e-type=\"widget\" data-widget_type=\"text-editor.default\">\n\t\t\t\t<div class=\"elementor-widget-container\">\n\t\t\t\t\t\t\t\t\t<p><strong>9<\/strong>. <strong>Hvem kan dine personopplysninger deles med? <br \/><\/strong>Dine personopplysninger h\u00e5ndteres bare av Northpadel og utvalgte tredjeparter som er beskrevet nedenfor.<\/p>\n<ol>\n<li>Logistikk- og transportselskaper: Northpadel deler personopplysningene dine med logistikk- og transportselskaper for \u00e5 kunne h\u00e5ndtere og levere bestillingen din.<\/li>\n<li>Betalingsleverand\u00f8rer og lignende leverand\u00f8rer: Dine personopplysninger kan deles med kredittrapporteringsselskaper og leverand\u00f8rer med lignende tjenester for \u00e5 tillate betalingsleverand\u00f8rene \u00e5 vurdere kredittverdigheten din n\u00e5r du s\u00f8ker om en av betalingsm\u00e5tene vi tilbyr, og for \u00e5 bekrefte identiteten din og adressen din.<\/li>\n<li>Myndigheter: Northpadel kan gi om n\u00f8dvendig, informasjon til myndigheter som politiet, skattemyndighetene eller andre myndigheter dersom vi er p\u00e5lagt \u00e5 gj\u00f8re det ved lov.<\/li>\n<li>Markedsf\u00f8ringsleverand\u00f8rer: Northpadel kan dele dine personopplysninger med markedsf\u00f8ringsleverand\u00f8rer for \u00e5 kunne sende m\u00e5lrettede tilbud til deg.<\/li>\n<li>Underleverand\u00f8rer og lignende leverand\u00f8rer: Northpadel kan dele dine personopplysninger med underleverand\u00f8rer og lignende leverand\u00f8rer for \u00e5 oppfylle v\u00e5re forpliktelser overfor deg.<\/li>\n<li>Personopplysningene dine vil ikke bli delt med uvedkommende. Vi selger eller utveksler aldri dine personopplysninger til tredjeparter.<\/li>\n<\/ol>\n\t\t\t\t\t\t\t\t<\/div>\n\t\t\t\t<\/div>\n\t\t\t\t<div class=\"elementor-element elementor-element-68f6758b elementor-widget elementor-widget-text-editor\" data-id=\"68f6758b\" data-element_type=\"widget\" data-e-type=\"widget\" data-widget_type=\"text-editor.default\">\n\t\t\t\t<div class=\"elementor-widget-container\">\n\t\t\t\t\t\t\t\t\t<p><strong>10.<\/strong><strong>Hva er dine rettigheter? <\/strong><\/p>\n<ol>\n<li>Rett til innsyn: Du har rett til \u00e5 motta informasjon om hvilke personopplysninger vi har lagret om deg. Vi er \u00e5pne om hvordan vi behandler personopplysningene dine, og hvis du \u00f8nsker \u00e5 f\u00e5 et dypere innblikk i hvordan vi behandler dine personopplysninger, kan du gjerne kontakte oss.<\/li>\n<li>Rett til rettelse: Hvis opplysningene dine er feilaktige, har du rett til \u00e5 be om at opplysningene dine rettes opp. I l\u00f8pet av den tiden vi trenger til \u00e5 bekrefte at informasjonen er riktig, har du ogs\u00e5 rett til \u00e5 be om en begrenset behandling av personopplysninger.<\/li>\n<li>Rett til \u00e5 trekke tilbake samtykke: Du har rett til \u00e5 trekke tilbake samtykke n\u00e5r som helst. Les mer om hvordan du trekker tilbake samtykke om \u00e5 sende nyhetsbrev og tekstmeldinger i v\u00e5re kj\u00f8psbetingelser.<\/li>\n<li>Rett til sletting: Du har rett til \u00e5 be om at vi sletter personopplysningene dine. Det kan imidlertid v\u00e6re forpliktelser som forhindrer Northpadel i \u00e5 v\u00e6re i stand til \u00e5 slette alle data, for eksempel forpliktelser i henhold til regnskaps- og skattelovgivning.<\/li>\n<li>Rett til \u00e5 protestere: Du har rett til \u00e5 motsette deg behandling av personopplysninger basert p\u00e5 en interesseavveining. For at Northpadel skal kunne fortsette \u00e5 behandle personopplysningene dine, m\u00e5 vi oppgi en legitim grunn som oppveier dine interesser og rettigheter.<\/li>\n<li>Rett til dataportabilitet: Du har rett til \u00e5 be om at personopplysningene dine overf\u00f8res til en annen behandlingsansvarlig (en s\u00e5kalt dataportabilitet). Dette gjelder hvis v\u00e5r rett til \u00e5 behandle dine personopplysninger er basert p\u00e5 ditt samtykke eller oppfyllelse av en avtale med deg. En forutsetning for dataportabilitet er at overf\u00f8ringen er teknisk mulig og kan gj\u00f8res automatisk.<\/li>\n<\/ol>\n\t\t\t\t\t\t\t\t<\/div>\n\t\t\t\t<\/div>\n\t\t\t\t<div class=\"elementor-element elementor-element-2cae72c0 elementor-widget elementor-widget-text-editor\" data-id=\"2cae72c0\" data-element_type=\"widget\" data-e-type=\"widget\" data-widget_type=\"text-editor.default\">\n\t\t\t\t<div class=\"elementor-widget-container\">\n\t\t\t\t\t\t\t\t\t<p><strong>11.<\/strong><strong>Kontakt oss<br \/><\/strong>For sp\u00f8rsm\u00e5l om v\u00e5r h\u00e5ndtering av personopplysninger eller for \u00e5 ut\u00f8ve dine rettigheter, vennligst kontakt oss via info@northpadel.com<\/p>\n\t\t\t\t\t\t\t\t<\/div>\n\t\t\t\t<\/div>\n\t\t\t\t<div class=\"elementor-element elementor-element-7a12a53b elementor-widget elementor-widget-text-editor\" data-id=\"7a12a53b\" data-element_type=\"widget\" data-e-type=\"widget\" data-widget_type=\"text-editor.default\">\n\t\t\t\t<div class=\"elementor-widget-container\">\n\t\t\t\t\t\t\t\t\t<p><strong>12.<\/strong><strong>Endringer i Personvernerkl\u00e6ringen <br \/><\/strong>Northpadel forbeholder seg retten til \u00e5 gj\u00f8re n\u00f8dvendige endringer i personvernerkl\u00e6ringen for \u00e5 im\u00f8tekomme juridiske krav eller avhjelpe forstyrrelser. Alle endringer vil bli publisert i dette dokumentet.<\/p>\n\t\t\t\t\t\t\t\t<\/div>\n\t\t\t\t<\/div>\n\t\t\t\t\t<\/div>\n\t\t<\/div>\n\t\t\t\t\t<\/div>\n\t\t<\/section>\n\t\t\t\t<section class=\"elementor-section elementor-top-section elementor-element elementor-element-1be74d2c elementor-section-boxed elementor-section-height-default elementor-section-height-default\" data-id=\"1be74d2c\" data-element_type=\"section\" data-e-type=\"section\" data-settings=\"{&quot;background_background&quot;:&quot;classic&quot;}\">\n\t\t\t\t\t\t<div class=\"elementor-container elementor-column-gap-wider\">\n\t\t\t\t\t<div class=\"elementor-column elementor-col-100 elementor-top-column elementor-element elementor-element-73d818e7\" data-id=\"73d818e7\" data-element_type=\"column\" data-e-type=\"column\">\n\t\t\t<div class=\"elementor-widget-wrap\">\n\t\t\t\t\t\t\t<\/div>\n\t\t<\/div>\n\t\t\t\t\t<\/div>\n\t\t<\/section>\n\t\t\t\t<\/div>\n\t\t","protected":false},"excerpt":{"rendered":"<p>PERSONVERNERKL\u00c6RING PERSONVERNERKL\u00c6RING 1.N\u00e5r du handler hos oss lagrer vi:Navn, adresse, mobilnummer og epostadresse. Dette er data vi trenger for \u00e5 levere varene til deg, samt kontakte deg om forhold i forbindelse med bestillingen. Informasjon om varer du har kj\u00f8pt blir ogs\u00e5 lagret i forbindelse med regnskapsf\u00f8ring og eventuell garanti- og returh\u00e5ndtering. Kortnummer oppbevares ikke av [&hellip;]<\/p>\n","protected":false},"author":1,"featured_media":0,"parent":0,"menu_order":0,"comment_status":"closed","ping_status":"open","template":"","meta":{"site-sidebar-layout":"default","site-content-layout":"","ast-site-content-layout":"default","site-content-style":"default","site-sidebar-style":"default","ast-global-header-display":"","ast-banner-title-visibility":"","ast-main-header-display":"","ast-hfb-above-header-display":"","ast-hfb-below-header-display":"","ast-hfb-mobile-header-display":"","site-post-title":"disabled","ast-breadcrumbs-content":"","ast-featured-img":"","footer-sml-layout":"","ast-disable-related-posts":"","theme-transparent-header-meta":"","adv-header-id-meta":"","stick-header-meta":"","header-above-stick-meta":"","header-main-stick-meta":"","header-below-stick-meta":"","astra-migrate-meta-layouts":"default","ast-page-background-enabled":"default","ast-page-background-meta":{"desktop":{"background-color":"","background-image":"","background-repeat":"repeat","background-position":"center center","background-size":"auto","background-attachment":"scroll","background-type":"","background-media":"","overlay-type":"","overlay-color":"","overlay-opacity":"","overlay-gradient":""},"tablet":{"background-color":"","background-image":"","background-repeat":"repeat","background-position":"center center","background-size":"auto","background-attachment":"scroll","background-type":"","background-media":"","overlay-type":"","overlay-color":"","overlay-opacity":"","overlay-gradient":""},"mobile":{"background-color":"","background-image":"","background-repeat":"repeat","background-position":"center center","background-size":"auto","background-attachment":"scroll","background-type":"","background-media":"","overlay-type":"","overlay-color":"","overlay-opacity":"","overlay-gradient":""}},"ast-content-background-meta":{"desktop":{"background-color":"var(--ast-global-color-5)","background-image":"","background-repeat":"repeat","background-position":"center center","background-size":"auto","background-attachment":"scroll","background-type":"","background-media":"","overlay-type":"","overlay-color":"","overlay-opacity":"","overlay-gradient":""},"tablet":{"background-color":"var(--ast-global-color-5)","background-image":"","background-repeat":"repeat","background-position":"center center","background-size":"auto","background-attachment":"scroll","background-type":"","background-media":"","overlay-type":"","overlay-color":"","overlay-opacity":"","overlay-gradient":""},"mobile":{"background-color":"var(--ast-global-color-5)","background-image":"","background-repeat":"repeat","background-position":"center center","background-size":"auto","background-attachment":"scroll","background-type":"","background-media":"","overlay-type":"","overlay-color":"","overlay-opacity":"","overlay-gradient":""}},"footnotes":""},"class_list":["post-7723","page","type-page","status-publish","hentry"],"_links":{"self":[{"href":"https:\/\/northpadel.com\/no\/wp-json\/wp\/v2\/pages\/7723","targetHints":{"allow":["GET"]}}],"collection":[{"href":"https:\/\/northpadel.com\/no\/wp-json\/wp\/v2\/pages"}],"about":[{"href":"https:\/\/northpadel.com\/no\/wp-json\/wp\/v2\/types\/page"}],"author":[{"embeddable":true,"href":"https:\/\/northpadel.com\/no\/wp-json\/wp\/v2\/users\/1"}],"replies":[{"embeddable":true,"href":"https:\/\/northpadel.com\/no\/wp-json\/wp\/v2\/comments?post=7723"}],"version-history":[{"count":3,"href":"https:\/\/northpadel.com\/no\/wp-json\/wp\/v2\/pages\/7723\/revisions"}],"predecessor-version":[{"id":7726,"href":"https:\/\/northpadel.com\/no\/wp-json\/wp\/v2\/pages\/7723\/revisions\/7726"}],"wp:attachment":[{"href":"https:\/\/northpadel.com\/no\/wp-json\/wp\/v2\/media?parent=7723"}],"curies":[{"name":"wp","href":"https:\/\/api.w.org\/{rel}","templated":true}]}}