{"id":6792,"date":"2023-03-31T14:45:22","date_gmt":"2023-03-31T12:45:22","guid":{"rendered":"https:\/\/teststudiofianew.kinsta.cloud\/om-oss\/"},"modified":"2023-05-04T16:17:12","modified_gmt":"2023-05-04T14:17:12","slug":"om-oss","status":"publish","type":"page","link":"https:\/\/northpadel.com\/no\/om-oss\/","title":{"rendered":"Om oss"},"content":{"rendered":"\t\t<div data-elementor-type=\"wp-page\" data-elementor-id=\"6792\" class=\"elementor elementor-6792 elementor-6520\" data-elementor-post-type=\"page\">\n\t\t\t\t\t\t<section class=\"elementor-section elementor-top-section elementor-element elementor-element-1904941c elementor-section-height-min-height elementor-section-content-middle elementor-section-boxed elementor-section-height-default elementor-section-items-middle\" data-id=\"1904941c\" data-element_type=\"section\" data-e-type=\"section\" data-settings=\"{&quot;background_background&quot;:&quot;classic&quot;}\">\n\t\t\t\t\t\t\t<div class=\"elementor-background-overlay\"><\/div>\n\t\t\t\t\t\t\t<div class=\"elementor-container elementor-column-gap-no\">\n\t\t\t\t\t<div class=\"elementor-column elementor-col-100 elementor-top-column elementor-element elementor-element-2abdecc2\" data-id=\"2abdecc2\" data-element_type=\"column\" data-e-type=\"column\">\n\t\t\t<div class=\"elementor-widget-wrap elementor-element-populated\">\n\t\t\t\t\t\t<div class=\"elementor-element elementor-element-2f2897ca elementor-widget elementor-widget-heading\" data-id=\"2f2897ca\" data-element_type=\"widget\" data-e-type=\"widget\" data-widget_type=\"heading.default\">\n\t\t\t\t<div class=\"elementor-widget-container\">\n\t\t\t\t\t<h1 class=\"elementor-heading-title elementor-size-default\">Om oss<\/h1>\t\t\t\t<\/div>\n\t\t\t\t<\/div>\n\t\t\t\t\t<\/div>\n\t\t<\/div>\n\t\t\t\t\t<\/div>\n\t\t<\/section>\n\t\t\t\t<section class=\"elementor-section elementor-top-section elementor-element elementor-element-55b03deb elementor-reverse-mobile elementor-section-boxed elementor-section-height-default elementor-section-height-default\" data-id=\"55b03deb\" data-element_type=\"section\" data-e-type=\"section\" data-settings=\"{&quot;background_background&quot;:&quot;classic&quot;}\">\n\t\t\t\t\t\t<div class=\"elementor-container elementor-column-gap-default\">\n\t\t\t\t\t<div class=\"elementor-column elementor-col-50 elementor-top-column elementor-element elementor-element-676e5eec\" data-id=\"676e5eec\" data-element_type=\"column\" data-e-type=\"column\">\n\t\t\t<div class=\"elementor-widget-wrap elementor-element-populated\">\n\t\t\t\t\t\t<div class=\"elementor-element elementor-element-5b502c6e elementor-widget elementor-widget-image\" data-id=\"5b502c6e\" data-element_type=\"widget\" data-e-type=\"widget\" data-widget_type=\"image.default\">\n\t\t\t\t<div class=\"elementor-widget-container\">\n\t\t\t\t\t\t\t\t\t\t\t\t\t\t\t<img fetchpriority=\"high\" decoding=\"async\" width=\"411\" height=\"515\" src=\"https:\/\/northpadel.com\/wp-content\/uploads\/2023\/05\/Man-pa-padelbane-northpadel.webp\" class=\"attachment-full size-full wp-image-8233\" alt=\"\" \/>\t\t\t\t\t\t\t\t\t\t\t\t\t\t\t<\/div>\n\t\t\t\t<\/div>\n\t\t\t\t\t<\/div>\n\t\t<\/div>\n\t\t\t\t<div class=\"elementor-column elementor-col-50 elementor-top-column elementor-element elementor-element-1e021a2d\" data-id=\"1e021a2d\" data-element_type=\"column\" data-e-type=\"column\">\n\t\t\t<div class=\"elementor-widget-wrap elementor-element-populated\">\n\t\t\t\t\t\t<div class=\"elementor-element elementor-element-a76fb40 elementor-widget elementor-widget-heading\" data-id=\"a76fb40\" data-element_type=\"widget\" data-e-type=\"widget\" data-widget_type=\"heading.default\">\n\t\t\t\t<div class=\"elementor-widget-container\">\n\t\t\t\t\t<h2 class=\"elementor-heading-title elementor-size-default\">Undying quality &amp; comfort<\/h2>\t\t\t\t<\/div>\n\t\t\t\t<\/div>\n\t\t\t\t<div class=\"elementor-element elementor-element-a4c07e2 elementor-widget elementor-widget-text-editor\" data-id=\"a4c07e2\" data-element_type=\"widget\" data-e-type=\"widget\" data-widget_type=\"text-editor.default\">\n\t\t\t\t<div class=\"elementor-widget-container\">\n\t\t\t\t\t\t\t\t\t<p>Northpadel er ett Skandinavisk selskap med varelager i Norden. Vi arbeider Internasjonalt og samarbeider med seri\u00f8se og profesjonelle akt\u00f8rer, innenfor Padelsporten. Vi produserer, importerer, eksporterer, samt leverer, med stor grad av effektivitet og n\u00f8yaktighet.<\/p><\/p>\n\t\t\t\t\t\t\t\t<\/div>\n\t\t\t\t<\/div>\n\t\t\t\t\t<\/div>\n\t\t<\/div>\n\t\t\t\t\t<\/div>\n\t\t<\/section>\n\t\t\t\t<section class=\"elementor-section elementor-top-section elementor-element elementor-element-1fdc167c elementor-section-boxed elementor-section-height-default elementor-section-height-default\" data-id=\"1fdc167c\" data-element_type=\"section\" data-e-type=\"section\" data-settings=\"{&quot;background_background&quot;:&quot;classic&quot;}\">\n\t\t\t\t\t\t<div class=\"elementor-container elementor-column-gap-wider\">\n\t\t\t\t\t<div class=\"elementor-column elementor-col-100 elementor-top-column elementor-element elementor-element-7c894252\" data-id=\"7c894252\" data-element_type=\"column\" data-e-type=\"column\">\n\t\t\t<div class=\"elementor-widget-wrap elementor-element-populated\">\n\t\t\t\t\t\t<section class=\"elementor-section elementor-inner-section elementor-element elementor-element-304e9fc7 elementor-section-boxed elementor-section-height-default elementor-section-height-default\" data-id=\"304e9fc7\" data-element_type=\"section\" data-e-type=\"section\" data-settings=\"{&quot;background_background&quot;:&quot;classic&quot;}\">\n\t\t\t\t\t\t<div class=\"elementor-container elementor-column-gap-wider\">\n\t\t\t\t\t<div class=\"elementor-column elementor-col-33 elementor-inner-column elementor-element elementor-element-64f4771c\" data-id=\"64f4771c\" data-element_type=\"column\" data-e-type=\"column\">\n\t\t\t<div class=\"elementor-widget-wrap elementor-element-populated\">\n\t\t\t\t\t\t<div class=\"elementor-element elementor-element-28419ef5 elementor-position-inline-start elementor-view-default elementor-mobile-position-block-start elementor-widget elementor-widget-icon-box\" data-id=\"28419ef5\" data-element_type=\"widget\" data-e-type=\"widget\" data-widget_type=\"icon-box.default\">\n\t\t\t\t<div class=\"elementor-widget-container\">\n\t\t\t\t\t\t\t<div class=\"elementor-icon-box-wrapper\">\n\n\t\t\t\t\t\t<div class=\"elementor-icon-box-icon\">\n\t\t\t\t<span  class=\"elementor-icon\">\n\t\t\t\t<svg xmlns=\"http:\/\/www.w3.org\/2000\/svg\" xmlns:xlink=\"http:\/\/www.w3.org\/1999\/xlink\" id=\"Capa_1\" x=\"0px\" y=\"0px\" viewBox=\"0 0 512 512\" style=\"enable-background:new 0 0 512 512;\" xml:space=\"preserve\"><g>\t<g>\t\t<path d=\"M491.729,112.971L259.261,0.745c-2.061-0.994-4.461-0.994-6.521,0L20.271,112.971c-2.592,1.251-4.239,3.876-4.239,6.754    v272.549c0,2.878,1.647,5.503,4.239,6.754l232.468,112.226c1.03,0.497,2.146,0.746,3.261,0.746s2.23-0.249,3.261-0.746    l232.468-112.226c2.592-1.251,4.239-3.876,4.239-6.754V119.726C495.968,116.846,494.32,114.223,491.729,112.971z M256,15.828    l215.217,103.897l-62.387,30.118c-0.395-0.301-0.812-0.579-1.27-0.8L193.805,45.853L256,15.828z M176.867,54.333l214.904,103.746    l-44.015,21.249L132.941,75.624L176.867,54.333z M396.799,172.307v78.546l-41.113,19.848v-78.546L396.799,172.307z     M480.968,387.568L263.5,492.55V236.658l51.873-25.042c3.73-1.801,5.294-6.284,3.493-10.015    c-1.801-3.729-6.284-5.295-10.015-3.493L256,223.623l-20.796-10.04c-3.731-1.803-8.214-0.237-10.015,3.493    c-1.801,3.73-0.237,8.214,3.493,10.015l19.818,9.567V492.55L31.032,387.566V131.674l165.6,79.945    c1.051,0.508,2.162,0.748,3.255,0.748c2.788,0,5.466-1.562,6.759-4.241c1.801-3.73,0.237-8.214-3.493-10.015l-162.37-78.386    l74.505-35.968L340.582,192.52c0.033,0.046,0.07,0.087,0.104,0.132v89.999c0,2.581,1.327,4.98,3.513,6.353    c1.214,0.762,2.599,1.147,3.988,1.147c1.112,0,2.227-0.247,3.26-0.746l56.113-27.089c2.592-1.251,4.239-3.875,4.239-6.754v-90.495    l69.169-33.392V387.568z\"><\/path>\t<\/g><\/g><g>\t<g>\t\t<path d=\"M92.926,358.479L58.811,342.01c-3.732-1.803-8.214-0.237-10.015,3.493c-1.801,3.73-0.237,8.214,3.493,10.015    l34.115,16.469c1.051,0.508,2.162,0.748,3.255,0.748c2.788,0,5.466-1.562,6.759-4.241    C98.22,364.763,96.656,360.281,92.926,358.479z\"><\/path>\t<\/g><\/g><g>\t<g>\t\t<path d=\"M124.323,338.042l-65.465-31.604c-3.731-1.801-8.214-0.237-10.015,3.494c-1.8,3.73-0.236,8.214,3.494,10.015    l65.465,31.604c1.051,0.507,2.162,0.748,3.255,0.748c2.788,0,5.466-1.562,6.759-4.241    C129.617,344.326,128.053,339.842,124.323,338.042z\"><\/path>\t<\/g><\/g><g><\/g><g><\/g><g><\/g><g><\/g><g><\/g><g><\/g><g><\/g><g><\/g><g><\/g><g><\/g><g><\/g><g><\/g><g><\/g><g><\/g><g><\/g><\/svg>\t\t\t\t<\/span>\n\t\t\t<\/div>\n\t\t\t\n\t\t\t\t\t\t<div class=\"elementor-icon-box-content\">\n\n\t\t\t\t\t\t\t\t\t<h4 class=\"elementor-icon-box-title\">\n\t\t\t\t\t\t<span  >\n\t\t\t\t\t\t\tRask levering\t\t\t\t\t\t<\/span>\n\t\t\t\t\t<\/h4>\n\t\t\t\t\n\t\t\t\t\n\t\t\t<\/div>\n\t\t\t\n\t\t<\/div>\n\t\t\t\t\t\t<\/div>\n\t\t\t\t<\/div>\n\t\t\t\t\t<\/div>\n\t\t<\/div>\n\t\t\t\t<div class=\"elementor-column elementor-col-33 elementor-inner-column elementor-element elementor-element-7a7ce580\" data-id=\"7a7ce580\" data-element_type=\"column\" data-e-type=\"column\">\n\t\t\t<div class=\"elementor-widget-wrap elementor-element-populated\">\n\t\t\t\t\t\t<div class=\"elementor-element elementor-element-173d1b9d elementor-position-inline-start elementor-view-default elementor-mobile-position-block-start elementor-widget elementor-widget-icon-box\" data-id=\"173d1b9d\" data-element_type=\"widget\" data-e-type=\"widget\" data-widget_type=\"icon-box.default\">\n\t\t\t\t<div class=\"elementor-widget-container\">\n\t\t\t\t\t\t\t<div class=\"elementor-icon-box-wrapper\">\n\n\t\t\t\t\t\t<div class=\"elementor-icon-box-icon\">\n\t\t\t\t<span  class=\"elementor-icon\">\n\t\t\t\t<svg xmlns=\"http:\/\/www.w3.org\/2000\/svg\" height=\"512\" viewBox=\"0 0 512 512\" width=\"512\"><g id=\"Outline\"><path d=\"m304 104a48 48 0 1 0 -48 48 48.054 48.054 0 0 0 48-48zm-80 0a32 32 0 1 1 32 32 32.036 32.036 0 0 1 -32-32z\"><\/path><path d=\"m251.412 238.554a8 8 0 0 0 9.176 0 254.588 254.588 0 0 0 41.449-38.305c27.452-31.57 41.963-64.849 41.963-96.249a88 88 0 0 0 -176 0c0 31.4 14.511 64.679 41.963 96.249a254.588 254.588 0 0 0 41.449 38.305zm4.588-206.554a72.081 72.081 0 0 1 72 72c0 57.241-55.483 105.026-72 117.983-16.542-12.941-72-60.632-72-117.983a72.081 72.081 0 0 1 72-72z\"><\/path><path d=\"m152 418.091h16v16.74h-16z\" transform=\"matrix(.294 -.956 .956 .294 -294.656 453.976)\"><\/path><path d=\"m184 427.937h16.001v16.74h-16.001z\" transform=\"matrix(.294 -.956 .956 .294 -281.481 491.485)\"><\/path><path d=\"m216 437.784h16v16.74h-16z\" transform=\"matrix(.294 -.956 .956 .294 -268.297 529.054)\"><\/path><path d=\"m466.353 200.354-120-36.923-4.706 15.293 95.153 29.276-180.8 55.63-180.8-55.63 95.15-29.276-4.706-15.293-120 36.923a8 8 0 0 0 -5.644 7.646v216a8 8 0 0 0 5.647 7.646l208 64a8 8 0 0 0 4.706 0l208-64a8 8 0 0 0 5.647-7.646v-216a8 8 0 0 0 -5.647-7.646zm-410.353 18.478 192 59.077v199.259l-192-59.076zm208 258.336v-199.259l192-59.077v199.26z\"><\/path><path d=\"m359.63 413.538h16.74v16h-16.74z\" transform=\"matrix(.956 -.294 .294 .956 -107.687 126.852)\"><\/path><path d=\"m391.63 403.692h16.74v16.001h-16.74z\" transform=\"matrix(.956 -.294 .294 .956 -103.393 135.856)\"><\/path><path d=\"m423.63 393.846h16.74v16h-16.74z\" transform=\"matrix(.956 -.294 .294 .956 -99.067 144.801)\"><\/path><path d=\"m192 339.077a8 8 0 0 0 8-8v-40a8 8 0 0 0 -5.647-7.646l-80-24.616a8 8 0 0 0 -10.353 7.647v40a8 8 0 0 0 5.647 7.646l80 24.616a8.01 8.01 0 0 0 2.353.353zm-8-18.832-64-19.691v-23.26l64 19.691z\"><\/path><path d=\"m408 306.462v-40a8 8 0 0 0 -10.353-7.647l-80 24.616a8 8 0 0 0 -5.647 7.646v40a8 8 0 0 0 10.353 7.647l80-24.616a8 8 0 0 0 5.647-7.646zm-16-5.908-64 19.691v-23.26l64-19.691z\"><\/path><\/g><\/svg>\t\t\t\t<\/span>\n\t\t\t<\/div>\n\t\t\t\n\t\t\t\t\t\t<div class=\"elementor-icon-box-content\">\n\n\t\t\t\t\t\t\t\t\t<h4 class=\"elementor-icon-box-title\">\n\t\t\t\t\t\t<span  >\n\t\t\t\t\t\t\tOrder Tracking\t\t\t\t\t\t<\/span>\n\t\t\t\t\t<\/h4>\n\t\t\t\t\n\t\t\t\t\n\t\t\t<\/div>\n\t\t\t\n\t\t<\/div>\n\t\t\t\t\t\t<\/div>\n\t\t\t\t<\/div>\n\t\t\t\t\t<\/div>\n\t\t<\/div>\n\t\t\t\t<div class=\"elementor-column elementor-col-33 elementor-inner-column elementor-element elementor-element-46c6c1ab\" data-id=\"46c6c1ab\" data-element_type=\"column\" data-e-type=\"column\">\n\t\t\t<div class=\"elementor-widget-wrap elementor-element-populated\">\n\t\t\t\t\t\t<div class=\"elementor-element elementor-element-4c4ac850 elementor-position-inline-start elementor-view-default elementor-mobile-position-block-start elementor-widget elementor-widget-icon-box\" data-id=\"4c4ac850\" data-element_type=\"widget\" data-e-type=\"widget\" data-widget_type=\"icon-box.default\">\n\t\t\t\t<div class=\"elementor-widget-container\">\n\t\t\t\t\t\t\t<div class=\"elementor-icon-box-wrapper\">\n\n\t\t\t\t\t\t<div class=\"elementor-icon-box-icon\">\n\t\t\t\t<span  class=\"elementor-icon\">\n\t\t\t\t<svg xmlns=\"http:\/\/www.w3.org\/2000\/svg\" xmlns:xlink=\"http:\/\/www.w3.org\/1999\/xlink\" id=\"Capa_1\" x=\"0px\" y=\"0px\" viewBox=\"0 0 512.003 512.003\" style=\"enable-background:new 0 0 512.003 512.003;\" xml:space=\"preserve\"><g>\t<g>\t\t<path d=\"M477.958,262.633c-2.06-4.215-2.06-9.049,0-13.263l19.096-39.065c10.632-21.751,2.208-47.676-19.178-59.023l-38.41-20.38    c-4.144-2.198-6.985-6.11-7.796-10.729l-7.512-42.829c-4.183-23.846-26.241-39.87-50.208-36.479l-43.053,6.09    c-4.647,0.656-9.242-0.838-12.613-4.099l-31.251-30.232c-17.401-16.834-44.661-16.835-62.061,0L193.72,42.859    c-3.372,3.262-7.967,4.753-12.613,4.099l-43.053-6.09c-23.975-3.393-46.025,12.633-50.208,36.479l-7.512,42.827    c-0.811,4.62-3.652,8.531-7.795,10.73l-38.41,20.38c-21.386,11.346-29.81,37.273-19.178,59.024l19.095,39.064    c2.06,4.215,2.06,9.049,0,13.263l-19.096,39.064c-10.632,21.751-2.208,47.676,19.178,59.023l38.41,20.38    c4.144,2.198,6.985,6.11,7.796,10.729l7.512,42.829c3.808,21.708,22.422,36.932,43.815,36.93c2.107,0,4.245-0.148,6.394-0.452    l43.053-6.09c4.643-0.659,9.241,0.838,12.613,4.099l31.251,30.232c8.702,8.418,19.864,12.626,31.03,12.625    c11.163-0.001,22.332-4.209,31.03-12.625l31.252-30.232c3.372-3.261,7.968-4.751,12.613-4.099l43.053,6.09    c23.978,3.392,46.025-12.633,50.208-36.479l7.513-42.827c0.811-4.62,3.652-8.531,7.795-10.73l38.41-20.38    c21.386-11.346,29.81-37.273,19.178-59.024L477.958,262.633z M464.035,334.635l-38.41,20.38    c-12.246,6.499-20.645,18.057-23.04,31.713l-7.512,42.828c-1.415,8.068-8.874,13.487-16.987,12.342l-43.053-6.09    c-13.73-1.945-27.316,2.474-37.281,12.113L266.5,478.152c-5.886,5.694-15.109,5.694-20.997,0l-31.251-30.232    c-8.422-8.147-19.432-12.562-30.926-12.562c-2.106,0-4.229,0.148-6.355,0.449l-43.053,6.09    c-8.106,1.146-15.571-4.274-16.987-12.342l-7.513-42.829c-2.396-13.656-10.794-25.215-23.041-31.712l-38.41-20.38    c-7.236-3.839-10.086-12.61-6.489-19.969l19.096-39.065c6.088-12.456,6.088-26.742,0-39.198l-19.096-39.065    c-3.597-7.359-0.747-16.13,6.489-19.969l38.41-20.38c12.246-6.499,20.645-18.057,23.04-31.713l7.512-42.828    c1.416-8.068,8.874-13.488,16.987-12.342l43.053,6.09c13.725,1.943,27.316-2.474,37.281-12.113l31.252-30.232    c5.886-5.694,15.109-5.694,20.997,0l31.251,30.232c9.965,9.64,23.554,14.056,37.281,12.113l43.053-6.09    c8.107-1.147,15.572,4.274,16.987,12.342l7.512,42.829c2.396,13.656,10.794,25.215,23.041,31.712l38.41,20.38    c7.236,3.839,10.086,12.61,6.489,19.969l-19.096,39.064c-6.088,12.455-6.088,26.743,0,39.198l19.096,39.064    C474.121,322.024,471.271,330.796,464.035,334.635z\"><\/path>\t<\/g><\/g><g>\t<g>\t\t<path d=\"M363.886,148.116c-5.765-5.766-15.115-5.766-20.881,0L148.116,343.006c-5.766,5.766-5.766,15.115,0,20.881    c2.883,2.883,6.662,4.325,10.44,4.325c3.778,0,7.558-1.441,10.44-4.325l194.889-194.889    C369.653,163.231,369.653,153.883,363.886,148.116z\"><\/path>\t<\/g><\/g><g>\t<g>\t\t<path d=\"M196.941,123.116c-29.852,0-54.139,24.287-54.139,54.139s24.287,54.139,54.139,54.139s54.139-24.287,54.139-54.139    S226.793,123.116,196.941,123.116z M196.941,201.863c-13.569,0-24.608-11.039-24.608-24.609c0-13.569,11.039-24.608,24.608-24.608    c13.569,0,24.609,11.039,24.609,24.608C221.549,190.824,210.51,201.863,196.941,201.863z\"><\/path>\t<\/g><\/g><g>\t<g>\t\t<path d=\"M315.061,280.61c-29.852,0-54.139,24.287-54.139,54.139s24.287,54.139,54.139,54.139    c29.852,0,54.139-24.287,54.139-54.139S344.913,280.61,315.061,280.61z M315.061,359.357c-13.569,0-24.609-11.039-24.609-24.608    s11.039-24.608,24.609-24.608c13.569,0,24.608,11.039,24.608,24.608S328.63,359.357,315.061,359.357z\"><\/path>\t<\/g><\/g><g><\/g><g><\/g><g><\/g><g><\/g><g><\/g><g><\/g><g><\/g><g><\/g><g><\/g><g><\/g><g><\/g><g><\/g><g><\/g><g><\/g><g><\/g><\/svg>\t\t\t\t<\/span>\n\t\t\t<\/div>\n\t\t\t\n\t\t\t\t\t\t<div class=\"elementor-icon-box-content\">\n\n\t\t\t\t\t\t\t\t\t<h4 class=\"elementor-icon-box-title\">\n\t\t\t\t\t\t<span  >\n\t\t\t\t\t\t\tRegular Discounts\t\t\t\t\t\t<\/span>\n\t\t\t\t\t<\/h4>\n\t\t\t\t\n\t\t\t\t\n\t\t\t<\/div>\n\t\t\t\n\t\t<\/div>\n\t\t\t\t\t\t<\/div>\n\t\t\t\t<\/div>\n\t\t\t\t\t<\/div>\n\t\t<\/div>\n\t\t\t\t\t<\/div>\n\t\t<\/section>\n\t\t\t\t\t<\/div>\n\t\t<\/div>\n\t\t\t\t\t<\/div>\n\t\t<\/section>\n\t\t\t\t<\/div>\n\t\t","protected":false},"excerpt":{"rendered":"<p>Om oss Undying quality &amp; comfort Northpadel er ett Skandinavisk selskap med varelager i Norden. Vi arbeider Internasjonalt og samarbeider med seri\u00f8se og profesjonelle akt\u00f8rer, innenfor Padelsporten. Vi produserer, importerer, eksporterer, samt leverer, med stor grad av effektivitet og n\u00f8yaktighet. Rask levering Order Tracking Regular Discounts<\/p>\n","protected":false},"author":1,"featured_media":0,"parent":0,"menu_order":0,"comment_status":"closed","ping_status":"closed","template":"","meta":{"site-sidebar-layout":"no-sidebar","site-content-layout":"page-builder","ast-site-content-layout":"default","site-content-style":"default","site-sidebar-style":"default","ast-global-header-display":"","ast-banner-title-visibility":"","ast-main-header-display":"","ast-hfb-above-header-display":"","ast-hfb-below-header-display":"","ast-hfb-mobile-header-display":"","site-post-title":"disabled","ast-breadcrumbs-content":"","ast-featured-img":"disabled","footer-sml-layout":"","ast-disable-related-posts":"","theme-transparent-header-meta":"enabled","adv-header-id-meta":"","stick-header-meta":"default","header-above-stick-meta":"","header-main-stick-meta":"","header-below-stick-meta":"","astra-migrate-meta-layouts":"default","ast-page-background-enabled":"default","ast-page-background-meta":{"desktop":{"background-color":"","background-image":"","background-repeat":"repeat","background-position":"center center","background-size":"auto","background-attachment":"scroll","background-type":"","background-media":"","overlay-type":"","overlay-color":"","overlay-opacity":"","overlay-gradient":""},"tablet":{"background-color":"","background-image":"","background-repeat":"repeat","background-position":"center center","background-size":"auto","background-attachment":"scroll","background-type":"","background-media":"","overlay-type":"","overlay-color":"","overlay-opacity":"","overlay-gradient":""},"mobile":{"background-color":"","background-image":"","background-repeat":"repeat","background-position":"center center","background-size":"auto","background-attachment":"scroll","background-type":"","background-media":"","overlay-type":"","overlay-color":"","overlay-opacity":"","overlay-gradient":""}},"ast-content-background-meta":{"desktop":{"background-color":"var(--ast-global-color-5)","background-image":"","background-repeat":"repeat","background-position":"center center","background-size":"auto","background-attachment":"scroll","background-type":"","background-media":"","overlay-type":"","overlay-color":"","overlay-opacity":"","overlay-gradient":""},"tablet":{"background-color":"var(--ast-global-color-5)","background-image":"","background-repeat":"repeat","background-position":"center center","background-size":"auto","background-attachment":"scroll","background-type":"","background-media":"","overlay-type":"","overlay-color":"","overlay-opacity":"","overlay-gradient":""},"mobile":{"background-color":"var(--ast-global-color-5)","background-image":"","background-repeat":"repeat","background-position":"center center","background-size":"auto","background-attachment":"scroll","background-type":"","background-media":"","overlay-type":"","overlay-color":"","overlay-opacity":"","overlay-gradient":""}},"footnotes":""},"class_list":["post-6792","page","type-page","status-publish","hentry"],"_links":{"self":[{"href":"https:\/\/northpadel.com\/no\/wp-json\/wp\/v2\/pages\/6792","targetHints":{"allow":["GET"]}}],"collection":[{"href":"https:\/\/northpadel.com\/no\/wp-json\/wp\/v2\/pages"}],"about":[{"href":"https:\/\/northpadel.com\/no\/wp-json\/wp\/v2\/types\/page"}],"author":[{"embeddable":true,"href":"https:\/\/northpadel.com\/no\/wp-json\/wp\/v2\/users\/1"}],"replies":[{"embeddable":true,"href":"https:\/\/northpadel.com\/no\/wp-json\/wp\/v2\/comments?post=6792"}],"version-history":[{"count":33,"href":"https:\/\/northpadel.com\/no\/wp-json\/wp\/v2\/pages\/6792\/revisions"}],"predecessor-version":[{"id":8463,"href":"https:\/\/northpadel.com\/no\/wp-json\/wp\/v2\/pages\/6792\/revisions\/8463"}],"wp:attachment":[{"href":"https:\/\/northpadel.com\/no\/wp-json\/wp\/v2\/media?parent=6792"}],"curies":[{"name":"wp","href":"https:\/\/api.w.org\/{rel}","templated":true}]}}