{"id":6735,"date":"2022-03-21T13:00:39","date_gmt":"2022-03-21T12:00:39","guid":{"rendered":"https:\/\/teststudiofianew.kinsta.cloud\/product\/volt-500-green-v22\/"},"modified":"2026-01-01T03:35:40","modified_gmt":"2026-01-01T02:35:40","slug":"volt-500-green","status":"publish","type":"product","link":"https:\/\/northpadel.com\/fi\/tuote\/volt-500-green\/","title":{"rendered":"Volt 500 Green V22"},"content":{"rendered":"","protected":false},"excerpt":{"rendered":"<p class=\"\"><strong>THE POWER OF PERFECT CONTROL<\/strong><\/p>\n<p class=\"\">Py\u00f6re\u00e4 muoto<br \/>\nKeski-pienipainoinen tasapaino<br \/>\n3K hiilirakenne<br \/>\n3K hiilipinnat<\/p>\n<p class=\"\">Dynaamiset rei\u00e4t j\u00e4rjestelm\u00e4<br \/>\nNopea elpyminen Black Eva -ydin<br \/>\nKarkea pinta<\/p>\n<p class=\"\">Profiili 38mm<br \/>\nYdin 38mm<br \/>\nPaino 350gr &#8211; 370gr<\/p>\n<p class=\"\"><strong>Premium-kansi ja mailasuoja mukana!<\/strong><\/p>\n","protected":false},"featured_media":6038,"template":"","meta":{"site-sidebar-layout":"default","site-content-layout":"default","ast-site-content-layout":"default","site-content-style":"default","site-sidebar-style":"default","ast-global-header-display":"","ast-banner-title-visibility":"","ast-main-header-display":"","ast-hfb-above-header-display":"","ast-hfb-below-header-display":"","ast-hfb-mobile-header-display":"","site-post-title":"","ast-breadcrumbs-content":"","ast-featured-img":"","footer-sml-layout":"","ast-disable-related-posts":"","theme-transparent-header-meta":"default","adv-header-id-meta":"","stick-header-meta":"","header-above-stick-meta":"","header-main-stick-meta":"","header-below-stick-meta":"","astra-migrate-meta-layouts":"default","ast-page-background-enabled":"default","ast-page-background-meta":{"desktop":{"background-color":"","background-image":"","background-repeat":"repeat","background-position":"center center","background-size":"auto","background-attachment":"scroll","background-type":"","background-media":"","overlay-type":"","overlay-color":"","overlay-opacity":"","overlay-gradient":""},"tablet":{"background-color":"","background-image":"","background-repeat":"repeat","background-position":"center center","background-size":"auto","background-attachment":"scroll","background-type":"","background-media":"","overlay-type":"","overlay-color":"","overlay-opacity":"","overlay-gradient":""},"mobile":{"background-color":"","background-image":"","background-repeat":"repeat","background-position":"center center","background-size":"auto","background-attachment":"scroll","background-type":"","background-media":"","overlay-type":"","overlay-color":"","overlay-opacity":"","overlay-gradient":""}},"ast-content-background-meta":{"desktop":{"background-color":"var(--ast-global-color-5)","background-image":"","background-repeat":"repeat","background-position":"center center","background-size":"auto","background-attachment":"scroll","background-type":"","background-media":"","overlay-type":"","overlay-color":"","overlay-opacity":"","overlay-gradient":""},"tablet":{"background-color":"var(--ast-global-color-5)","background-image":"","background-repeat":"repeat","background-position":"center center","background-size":"auto","background-attachment":"scroll","background-type":"","background-media":"","overlay-type":"","overlay-color":"","overlay-opacity":"","overlay-gradient":""},"mobile":{"background-color":"var(--ast-global-color-5)","background-image":"","background-repeat":"repeat","background-position":"center center","background-size":"auto","background-attachment":"scroll","background-type":"","background-media":"","overlay-type":"","overlay-color":"","overlay-opacity":"","overlay-gradient":""}}},"product_brand":[],"product_cat":[134,131],"product_tag":[],"class_list":{"0":"post-6735","1":"product","2":"type-product","3":"status-publish","4":"has-post-thumbnail","6":"product_cat-racket-fi","7":"product_cat-volt-fi","8":"desktop-align-left","9":"tablet-align-left","10":"mobile-align-left","11":"ast-product-gallery-layout-horizontal-slider","12":"ast-magnify-disabled","13":"ast-product-tabs-layout-horizontal","14":"ast-qv-on-image","16":"first","17":"instock","18":"taxable","19":"shipping-taxable","20":"purchasable","21":"product-type-simple"},"_links":{"self":[{"href":"https:\/\/northpadel.com\/fi\/wp-json\/wp\/v2\/product\/6735","targetHints":{"allow":["GET"]}}],"collection":[{"href":"https:\/\/northpadel.com\/fi\/wp-json\/wp\/v2\/product"}],"about":[{"href":"https:\/\/northpadel.com\/fi\/wp-json\/wp\/v2\/types\/product"}],"wp:featuredmedia":[{"embeddable":true,"href":"https:\/\/northpadel.com\/fi\/wp-json\/wp\/v2\/media\/6038"}],"wp:attachment":[{"href":"https:\/\/northpadel.com\/fi\/wp-json\/wp\/v2\/media?parent=6735"}],"wp:term":[{"taxonomy":"product_brand","embeddable":true,"href":"https:\/\/northpadel.com\/fi\/wp-json\/wp\/v2\/product_brand?post=6735"},{"taxonomy":"product_cat","embeddable":true,"href":"https:\/\/northpadel.com\/fi\/wp-json\/wp\/v2\/product_cat?post=6735"},{"taxonomy":"product_tag","embeddable":true,"href":"https:\/\/northpadel.com\/fi\/wp-json\/wp\/v2\/product_tag?post=6735"}],"curies":[{"name":"wp","href":"https:\/\/api.w.org\/{rel}","templated":true}]}}